{"id":1515,"date":"2026-02-02T18:07:42","date_gmt":"2026-02-03T01:07:42","guid":{"rendered":"https:\/\/tamedtek.com\/product\/bo-day-chay-than-nhan-tao-vital\/"},"modified":"2026-02-02T18:07:42","modified_gmt":"2026-02-03T01:07:42","slug":"bo-day-chay-than-nhan-tao-vital","status":"publish","type":"product","link":"https:\/\/tamedtek.com\/km-kh\/product\/bo-day-chay-than-nhan-tao-vital\/","title":{"rendered":"B\u1ed9 d\u00e2y ch\u1ea1y th\u1eadn nh\u00e2n t\u1ea1o VITAL"},"content":{"rendered":"<ul>\n<li>Quy c\u00e1ch: 4 in 1 c\u00f3 2 transducer\/ 4 in 1\/ 3 in 1\/ 2 in 1<\/li>\n<li>\u0110\u01b0\u1eddng k\u00ednh d\u00e2y ch\u00ednh (4,5\u00d76,8)mm;<\/li>\n<li>Bu\u1ed3ng nh\u1ecf gi\u1ecdt \u0111\u01b0\u1eddng k\u00ednh 19 \u2013 30 mm;<\/li>\n<li>\u0110\u01b0\u1eddng k\u00ednh d\u00e2y b\u01a1m (8,0x12x420) mm<\/li>\n<li>Th\u1ec3 t\u00edch l\u00e0m \u0111\u1ea7y 163 \u00b1 10% mL.<\/li>\n<li>C\u00f3 c\u00e1c \u0111\u01b0\u1eddng d\u00e2y \u0111\u1ec3 l\u1ea5y m\u00e1u v\u00e0 x\u1eed l\u00fd thu\u1ed1c, c\u00f3 v\u1ecb tr\u00ed ti\u00eam ph\u00eda tr\u01b0\u1edbc bu\u1ed3ng nh\u1ecf gi\u1ecdt tr\u00e1nh b\u1ecdt kh\u00ed \u0111i v\u00e0o m\u1ea1ch m\u00e1u, an to\u00e0n h\u01a1n cho b\u1ec7nh nh\u00e2n. Ch\u1ea5t li\u1ec7u m\u1ec1m m\u1ea1i, t\u01b0\u01a1ng th\u00edch v\u1edbi nhi\u1ec1u lo\u1ea1i m\u00e1y ch\u1ea1y th\u1eadn.<\/li>\n<li>Ti\u1ec7t tr\u00f9ng b\u1eb1ng kh\u00ed EO<\/li>\n<li>Ti\u00eau chu\u1ea9n ISO, CE<\/li>\n<\/ul>\n","protected":false},"excerpt":{"rendered":"<p><strong>B\u1ed8 D\u00c2Y CH\u1ea0Y TH\u1eacN<\/strong><\/p>\n<p><strong>M\u1ee5c \u0111\u00edch s\u1eed d\u1ee5ng:<\/strong> B\u1ed9 d\u00e2y ch\u1ea1y th\u1eadn \u0111\u01b0\u1ee3c s\u1eed d\u1ee5ng \u0111\u1ec3 k\u1ebft n\u1ed1i v\u1edbi qu\u1ea3 l\u1ecdc th\u1eadn trong qu\u00e1 tr\u00ecnh \u0111i\u1ec1u tr\u1ecb ch\u1ea1y th\u1eadn nh\u00e2n t\u1ea1o. C\u00f3 th\u1ec3 s\u1eed d\u1ee5ng v\u1edbi h\u1ea7u h\u1ebft t\u1ea5t c\u1ea3 c\u00e1c m\u00e1y ch\u1ea1y th\u1eadn<\/p>\n<p><strong>M\u00e3 qu\u1ea3ng c\u00e1o:<\/strong> D0315\/QC-VI-TA<\/p>\n<p><strong>H\u00e3ng s\u1ea3n xu\u1ea5t:<\/strong> Vital Healthcare Sdn Bhd.<\/p>\n<p><strong>Xu\u1ea5t x\u1ee9:<\/strong> Malaysia.<\/p>\n","protected":false},"featured_media":154,"comment_status":"open","ping_status":"closed","template":"","meta":[],"product_brand":[],"product_cat":[63],"product_tag":[],"class_list":{"0":"post-1515","1":"product","2":"type-product","3":"status-publish","4":"has-post-thumbnail","6":"product_cat-63","8":"first","9":"instock","10":"shipping-taxable","11":"purchasable","12":"product-type-simple"},"acf":[],"_links":{"self":[{"href":"https:\/\/tamedtek.com\/km-kh\/wp-json\/wp\/v2\/product\/1515","targetHints":{"allow":["GET"]}}],"collection":[{"href":"https:\/\/tamedtek.com\/km-kh\/wp-json\/wp\/v2\/product"}],"about":[{"href":"https:\/\/tamedtek.com\/km-kh\/wp-json\/wp\/v2\/types\/product"}],"replies":[{"embeddable":true,"href":"https:\/\/tamedtek.com\/km-kh\/wp-json\/wp\/v2\/comments?post=1515"}],"wp:featuredmedia":[{"embeddable":true,"href":"https:\/\/tamedtek.com\/km-kh\/wp-json\/wp\/v2\/media\/154"}],"wp:attachment":[{"href":"https:\/\/tamedtek.com\/km-kh\/wp-json\/wp\/v2\/media?parent=1515"}],"wp:term":[{"taxonomy":"product_brand","embeddable":true,"href":"https:\/\/tamedtek.com\/km-kh\/wp-json\/wp\/v2\/product_brand?post=1515"},{"taxonomy":"product_cat","embeddable":true,"href":"https:\/\/tamedtek.com\/km-kh\/wp-json\/wp\/v2\/product_cat?post=1515"},{"taxonomy":"product_tag","embeddable":true,"href":"https:\/\/tamedtek.com\/km-kh\/wp-json\/wp\/v2\/product_tag?post=1515"}],"curies":[{"name":"wp","href":"https:\/\/api.w.org\/{rel}","templated":true}]}}