{"id":1513,"date":"2026-02-02T18:04:01","date_gmt":"2026-02-03T01:04:01","guid":{"rendered":"https:\/\/tamedtek.com\/product\/que-thu-clo-hisense-ultra-0-1\/"},"modified":"2026-02-02T18:04:01","modified_gmt":"2026-02-03T01:04:01","slug":"que-thu-clo-hisense-ultra-0-1","status":"publish","type":"product","link":"https:\/\/tamedtek.com\/km-kh\/product\/que-thu-clo-hisense-ultra-0-1\/","title":{"rendered":"QUE TH\u1eec CLO \u2013 HiSENSE ULTRA 0.1"},"content":{"rendered":"<div class=\"elementor-element elementor-element-0f73bce elementor-widget elementor-widget-woocommerce-product-short-description\" data-id=\"0f73bce\" data-element_type=\"widget\" data-widget_type=\"woocommerce-product-short-description.default\">\n<div class=\"elementor-widget-container\">\n<div class=\"woocommerce-product-details__short-description\">\n<p>Que th\u1eed SERIM GUARDIAN HiSENSE ULTRA 0.1 \u0111o b\u00e1n \u0111\u1ecbnh l\u01b0\u1ee3ng c\u1ea3 clo t\u1ef1 do v\u00e0 cloramine. B\u1ea3ng ch\u1ec9 b\u00e1o c\u00f3 hai ch\u1ec9 b\u00e1o. Clo t\u1ef1 do oxy h\u00f3a m\u1ed9t trong c\u00e1c ch\u1ea5t ch\u1ec9 th\u1ecb (m\u1ed9t h\u1ee3p ch\u1ea5t kh\u00f4ng m\u00e0u) t\u1ea1o th\u00e0nh s\u1ea3n ph\u1ea9m oxy h\u00f3a m\u00e0u h\u1ed3ng\/t\u00edm. Monochloramines oxy h\u00f3a ch\u1ea5t ch\u1ec9 th\u1ecb th\u1ee9 hai \u0111\u1ec3 t\u1ea1o th\u00e0nh ph\u1ee9c h\u1ee3p m\u00e0u xanh\/t\u00edm.<\/p>\n<p>S\u1eed d\u1ee5ng quy tr\u00ecnh b\u00e1n \u0111\u1ecbnh l\u01b0\u1ee3ng trong 30 gi\u00e2y, que th\u1eed s\u1ebd ph\u00e1t hi\u1ec7n t\u1ed5ng n\u1ed3ng \u0111\u1ed9 clo trong kho\u1ea3ng t\u1eeb 0 \u0111\u1ebfn 3,0 ppm. Que th\u1eed HiSENSE ULTRA 0.1 Test c\u00f3 c\u00e1c kh\u1ed1i m\u00e0u 0, 0,1, 0,5 v\u00e0 3,0ppm. Trong n\u01b0\u1edbc c\u1ea5p, k\u1ebft qu\u1ea3 l\u00e0 t\u1ed5ng l\u01b0\u1ee3ng clo t\u1eeb 0,1 ppm tr\u1edf l\u00ean ch\u1ec9 ra r\u1eb1ng kh\u00f4ng n\u00ean s\u1eed d\u1ee5ng n\u01b0\u1edbc \u0111\u1ec3 chu\u1ea9n b\u1ecb d\u1ecbch th\u1ea9m t\u00e1ch v\u00ec s\u1ef1 ph\u00e1 v\u1ee1 c\u1ee7a cloramine\/clo t\u1ef1 do ho\u1eb7c s\u1ef1 c\u1ea1n ki\u1ec7t c\u1ee7a m\u00f4i tr\u01b0\u1eddng h\u1ea5p ph\u1ee5 cacbon trong h\u1ec7 th\u1ed1ng l\u1ecdc n\u01b0\u1edbc. \u0110\u1ed1i v\u1edbi n\u01b0\u1edbc r\u1eeda sau khi kh\u1eed tr\u00f9ng thi\u1ebft b\u1ecb ch\u1ea1y th\u1eadn nh\u00e2n t\u1ea1o, quy tr\u00ecnh \u0111\u1ecbnh t\u00ednh 5 gi\u00e2y s\u1ebd ph\u00e1t hi\u1ec7n clo t\u1ef1 do 0,5 ppm ho\u1eb7c cao h\u01a1n cho bi\u1ebft c\u1ea7n ph\u1ea3i r\u1eeda th\u00eam.<\/p>\n<\/div>\n<\/div>\n<\/div>\n","protected":false},"excerpt":{"rendered":"<p>Que th\u1eed SERIM GUARDIAN HiSENSE ULTRA 0.1 \u0111o b\u00e1n \u0111\u1ecbnh l\u01b0\u1ee3ng c\u1ea3 clo t\u1ef1 do v\u00e0 cloramine. B\u1ea3ng ch\u1ec9 b\u00e1o c\u00f3 hai ch\u1ec9 b\u00e1o. Clo t\u1ef1 do oxy h\u00f3a m\u1ed9t trong c\u00e1c ch\u1ea5t ch\u1ec9 th\u1ecb (m\u1ed9t h\u1ee3p ch\u1ea5t kh\u00f4ng m\u00e0u) t\u1ea1o th\u00e0nh s\u1ea3n ph\u1ea9m oxy h\u00f3a m\u00e0u h\u1ed3ng\/t\u00edm. Monochloramines oxy h\u00f3a ch\u1ea5t ch\u1ec9 th\u1ecb th\u1ee9 hai \u0111\u1ec3 t\u1ea1o th\u00e0nh ph\u1ee9c h\u1ee3p m\u00e0u xanh\/t\u00edm.<\/p>\n","protected":false},"featured_media":146,"comment_status":"open","ping_status":"closed","template":"","meta":[],"product_brand":[],"product_cat":[52],"product_tag":[],"class_list":{"0":"post-1513","1":"product","2":"type-product","3":"status-publish","4":"has-post-thumbnail","6":"product_cat-52","8":"first","9":"instock","10":"shipping-taxable","11":"purchasable","12":"product-type-simple"},"acf":[],"_links":{"self":[{"href":"https:\/\/tamedtek.com\/km-kh\/wp-json\/wp\/v2\/product\/1513","targetHints":{"allow":["GET"]}}],"collection":[{"href":"https:\/\/tamedtek.com\/km-kh\/wp-json\/wp\/v2\/product"}],"about":[{"href":"https:\/\/tamedtek.com\/km-kh\/wp-json\/wp\/v2\/types\/product"}],"replies":[{"embeddable":true,"href":"https:\/\/tamedtek.com\/km-kh\/wp-json\/wp\/v2\/comments?post=1513"}],"wp:featuredmedia":[{"embeddable":true,"href":"https:\/\/tamedtek.com\/km-kh\/wp-json\/wp\/v2\/media\/146"}],"wp:attachment":[{"href":"https:\/\/tamedtek.com\/km-kh\/wp-json\/wp\/v2\/media?parent=1513"}],"wp:term":[{"taxonomy":"product_brand","embeddable":true,"href":"https:\/\/tamedtek.com\/km-kh\/wp-json\/wp\/v2\/product_brand?post=1513"},{"taxonomy":"product_cat","embeddable":true,"href":"https:\/\/tamedtek.com\/km-kh\/wp-json\/wp\/v2\/product_cat?post=1513"},{"taxonomy":"product_tag","embeddable":true,"href":"https:\/\/tamedtek.com\/km-kh\/wp-json\/wp\/v2\/product_tag?post=1513"}],"curies":[{"name":"wp","href":"https:\/\/api.w.org\/{rel}","templated":true}]}}